{"id":1473,"date":"2022-11-21T10:10:58","date_gmt":"2022-11-21T08:10:58","guid":{"rendered":"https:\/\/aimur.com\/blog\/?page_id=1473"},"modified":"2023-02-28T10:33:55","modified_gmt":"2023-02-28T08:33:55","slug":"lp-tarifas-decoracion-lamparas-de-sobremesa","status":"publish","type":"page","link":"https:\/\/aimur.com\/blog\/lp-tarifas-decoracion-lamparas-de-sobremesa\/","title":{"rendered":"LP &#8211; Tarifas decoraci\u00f3n &#8211; L\u00e1mparas de sobremesa"},"content":{"rendered":"\t\t<div data-elementor-type=\"wp-page\" data-elementor-id=\"1473\" class=\"elementor elementor-1473\" data-elementor-settings=\"{&quot;ha_cmc_init_switcher&quot;:&quot;no&quot;}\" data-elementor-post-type=\"page\">\n\t\t\t\t\t\t<section class=\"elementor-section elementor-top-section elementor-element elementor-element-a19ed69 elementor-section-boxed elementor-section-height-default elementor-section-height-default\" data-id=\"a19ed69\" data-element_type=\"section\" data-e-type=\"section\" data-settings=\"{&quot;_ha_eqh_enable&quot;:false}\">\n\t\t\t\t\t\t<div class=\"elementor-container elementor-column-gap-default\">\n\t\t\t\t\t<div class=\"elementor-column elementor-col-100 elementor-top-column elementor-element elementor-element-aa71344\" data-id=\"aa71344\" data-element_type=\"column\" data-e-type=\"column\">\n\t\t\t<div class=\"elementor-widget-wrap elementor-element-populated\">\n\t\t\t\t\t\t<div class=\"elementor-element elementor-element-ed140e7 elementor-widget elementor-widget-spacer\" data-id=\"ed140e7\" data-element_type=\"widget\" data-e-type=\"widget\" data-widget_type=\"spacer.default\">\n\t\t\t\t<div class=\"elementor-widget-container\">\n\t\t\t\t\t\t\t<div class=\"elementor-spacer\">\n\t\t\t<div class=\"elementor-spacer-inner\"><\/div>\n\t\t<\/div>\n\t\t\t\t\t\t<\/div>\n\t\t\t\t<\/div>\n\t\t\t\t<div class=\"elementor-element elementor-element-8b6e07c elementor-widget elementor-widget-heading\" data-id=\"8b6e07c\" data-element_type=\"widget\" data-e-type=\"widget\" data-widget_type=\"heading.default\">\n\t\t\t\t<div class=\"elementor-widget-container\">\n\t\t\t\t\t<h2 class=\"elementor-heading-title elementor-size-default\">Rellena el siguiente formulario y descarga tu tarifa de l\u00e1mparas de sobremesa<\/h2>\t\t\t\t<\/div>\n\t\t\t\t<\/div>\n\t\t\t\t<div class=\"elementor-element elementor-element-7d7e20a elementor-widget elementor-widget-html\" data-id=\"7d7e20a\" data-element_type=\"widget\" data-e-type=\"widget\" data-widget_type=\"html.default\">\n\t\t\t\t<div class=\"elementor-widget-container\">\n\t\t\t\t\t<script type=\"text\/javascript\" src=\"https:\/\/api.clientify.net\/web-marketing\/superforms\/script\/102475.js\"><\/script>\t\t\t\t<\/div>\n\t\t\t\t<\/div>\n\t\t\t\t\t<\/div>\n\t\t<\/div>\n\t\t\t\t\t<\/div>\n\t\t<\/section>\n\t\t\t\t<\/div>\n\t\t","protected":false},"excerpt":{"rendered":"<p>Rellena el siguiente formulario y descarga tu tarifa de l\u00e1mparas de sobremesa<\/p>\n","protected":false},"author":1,"featured_media":0,"parent":0,"menu_order":0,"comment_status":"closed","ping_status":"closed","template":"","meta":{"footnotes":""},"class_list":["post-1473","page","type-page","status-publish","hentry"],"yoast_head":"<!-- This site is optimized with the Yoast SEO plugin v26.8 - https:\/\/yoast.com\/product\/yoast-seo-wordpress\/ -->\n<title>LP - Tarifas decoraci\u00f3n - L\u00e1mparas de sobremesa - Blog Aimur<\/title>\n<meta name=\"description\" content=\"Descarga la tarifa de l\u00e1mparas de sobremesa y descubre una amplia selecci\u00f3n de dise\u00f1os modernos y elegantes para iluminar cualquier espacio.\" \/>\n<meta name=\"robots\" content=\"index, follow, max-snippet:-1, max-image-preview:large, max-video-preview:-1\" \/>\n<link rel=\"canonical\" href=\"https:\/\/aimur.com\/blog\/lp-tarifas-decoracion-lamparas-de-sobremesa\/\" \/>\n<meta property=\"og:locale\" content=\"es_ES\" \/>\n<meta property=\"og:type\" content=\"article\" \/>\n<meta property=\"og:title\" content=\"LP - Tarifas decoraci\u00f3n - L\u00e1mparas de sobremesa - Blog Aimur\" \/>\n<meta property=\"og:description\" content=\"Descarga la tarifa de l\u00e1mparas de sobremesa y descubre una amplia selecci\u00f3n de dise\u00f1os modernos y elegantes para iluminar cualquier espacio.\" \/>\n<meta property=\"og:url\" content=\"https:\/\/aimur.com\/blog\/lp-tarifas-decoracion-lamparas-de-sobremesa\/\" \/>\n<meta property=\"og:site_name\" content=\"Blog Aimur\" \/>\n<meta property=\"article:modified_time\" content=\"2023-02-28T08:33:55+00:00\" \/>\n<meta name=\"twitter:card\" content=\"summary_large_image\" \/>\n<meta name=\"twitter:label1\" content=\"Tiempo de lectura\" \/>\n\t<meta name=\"twitter:data1\" content=\"1 minuto\" \/>\n<script type=\"application\/ld+json\" class=\"yoast-schema-graph\">{\"@context\":\"https:\/\/schema.org\",\"@graph\":[{\"@type\":\"WebPage\",\"@id\":\"https:\/\/aimur.com\/blog\/lp-tarifas-decoracion-lamparas-de-sobremesa\/\",\"url\":\"https:\/\/aimur.com\/blog\/lp-tarifas-decoracion-lamparas-de-sobremesa\/\",\"name\":\"LP - Tarifas decoraci\u00f3n - L\u00e1mparas de sobremesa - Blog Aimur\",\"isPartOf\":{\"@id\":\"https:\/\/aimur.com\/blog\/#website\"},\"datePublished\":\"2022-11-21T08:10:58+00:00\",\"dateModified\":\"2023-02-28T08:33:55+00:00\",\"description\":\"Descarga la tarifa de l\u00e1mparas de sobremesa y descubre una amplia selecci\u00f3n de dise\u00f1os modernos y elegantes para iluminar cualquier espacio.\",\"breadcrumb\":{\"@id\":\"https:\/\/aimur.com\/blog\/lp-tarifas-decoracion-lamparas-de-sobremesa\/#breadcrumb\"},\"inLanguage\":\"es\",\"potentialAction\":[{\"@type\":\"ReadAction\",\"target\":[\"https:\/\/aimur.com\/blog\/lp-tarifas-decoracion-lamparas-de-sobremesa\/\"]}]},{\"@type\":\"BreadcrumbList\",\"@id\":\"https:\/\/aimur.com\/blog\/lp-tarifas-decoracion-lamparas-de-sobremesa\/#breadcrumb\",\"itemListElement\":[{\"@type\":\"ListItem\",\"position\":1,\"name\":\"Portada\",\"item\":\"https:\/\/aimur.com\/blog\/\"},{\"@type\":\"ListItem\",\"position\":2,\"name\":\"LP &#8211; Tarifas decoraci\u00f3n &#8211; L\u00e1mparas de sobremesa\"}]},{\"@type\":\"WebSite\",\"@id\":\"https:\/\/aimur.com\/blog\/#website\",\"url\":\"https:\/\/aimur.com\/blog\/\",\"name\":\"Blog Aimur\",\"description\":\"Iluminaci\u00f3n y estilo\",\"publisher\":{\"@id\":\"https:\/\/aimur.com\/blog\/#organization\"},\"potentialAction\":[{\"@type\":\"SearchAction\",\"target\":{\"@type\":\"EntryPoint\",\"urlTemplate\":\"https:\/\/aimur.com\/blog\/?s={search_term_string}\"},\"query-input\":{\"@type\":\"PropertyValueSpecification\",\"valueRequired\":true,\"valueName\":\"search_term_string\"}}],\"inLanguage\":\"es\"},{\"@type\":\"Organization\",\"@id\":\"https:\/\/aimur.com\/blog\/#organization\",\"name\":\"Blog Aimur\",\"url\":\"https:\/\/aimur.com\/blog\/\",\"logo\":{\"@type\":\"ImageObject\",\"inLanguage\":\"es\",\"@id\":\"https:\/\/aimur.com\/blog\/#\/schema\/logo\/image\/\",\"url\":\"https:\/\/aimur.com\/blog\/wp-content\/uploads\/2022\/08\/logo-AIMUR-NEGRO-AMARILLO-e1669126426531.png\",\"contentUrl\":\"https:\/\/aimur.com\/blog\/wp-content\/uploads\/2022\/08\/logo-AIMUR-NEGRO-AMARILLO-e1669126426531.png\",\"width\":350,\"height\":104,\"caption\":\"Blog Aimur\"},\"image\":{\"@id\":\"https:\/\/aimur.com\/blog\/#\/schema\/logo\/image\/\"}}]}<\/script>\n<!-- \/ Yoast SEO plugin. -->","yoast_head_json":{"title":"LP - Tarifas decoraci\u00f3n - L\u00e1mparas de sobremesa - Blog Aimur","description":"Descarga la tarifa de l\u00e1mparas de sobremesa y descubre una amplia selecci\u00f3n de dise\u00f1os modernos y elegantes para iluminar cualquier espacio.","robots":{"index":"index","follow":"follow","max-snippet":"max-snippet:-1","max-image-preview":"max-image-preview:large","max-video-preview":"max-video-preview:-1"},"canonical":"https:\/\/aimur.com\/blog\/lp-tarifas-decoracion-lamparas-de-sobremesa\/","og_locale":"es_ES","og_type":"article","og_title":"LP - Tarifas decoraci\u00f3n - L\u00e1mparas de sobremesa - Blog Aimur","og_description":"Descarga la tarifa de l\u00e1mparas de sobremesa y descubre una amplia selecci\u00f3n de dise\u00f1os modernos y elegantes para iluminar cualquier espacio.","og_url":"https:\/\/aimur.com\/blog\/lp-tarifas-decoracion-lamparas-de-sobremesa\/","og_site_name":"Blog Aimur","article_modified_time":"2023-02-28T08:33:55+00:00","twitter_card":"summary_large_image","twitter_misc":{"Tiempo de lectura":"1 minuto"},"schema":{"@context":"https:\/\/schema.org","@graph":[{"@type":"WebPage","@id":"https:\/\/aimur.com\/blog\/lp-tarifas-decoracion-lamparas-de-sobremesa\/","url":"https:\/\/aimur.com\/blog\/lp-tarifas-decoracion-lamparas-de-sobremesa\/","name":"LP - Tarifas decoraci\u00f3n - L\u00e1mparas de sobremesa - Blog Aimur","isPartOf":{"@id":"https:\/\/aimur.com\/blog\/#website"},"datePublished":"2022-11-21T08:10:58+00:00","dateModified":"2023-02-28T08:33:55+00:00","description":"Descarga la tarifa de l\u00e1mparas de sobremesa y descubre una amplia selecci\u00f3n de dise\u00f1os modernos y elegantes para iluminar cualquier espacio.","breadcrumb":{"@id":"https:\/\/aimur.com\/blog\/lp-tarifas-decoracion-lamparas-de-sobremesa\/#breadcrumb"},"inLanguage":"es","potentialAction":[{"@type":"ReadAction","target":["https:\/\/aimur.com\/blog\/lp-tarifas-decoracion-lamparas-de-sobremesa\/"]}]},{"@type":"BreadcrumbList","@id":"https:\/\/aimur.com\/blog\/lp-tarifas-decoracion-lamparas-de-sobremesa\/#breadcrumb","itemListElement":[{"@type":"ListItem","position":1,"name":"Portada","item":"https:\/\/aimur.com\/blog\/"},{"@type":"ListItem","position":2,"name":"LP &#8211; Tarifas decoraci\u00f3n &#8211; L\u00e1mparas de sobremesa"}]},{"@type":"WebSite","@id":"https:\/\/aimur.com\/blog\/#website","url":"https:\/\/aimur.com\/blog\/","name":"Blog Aimur","description":"Iluminaci\u00f3n y estilo","publisher":{"@id":"https:\/\/aimur.com\/blog\/#organization"},"potentialAction":[{"@type":"SearchAction","target":{"@type":"EntryPoint","urlTemplate":"https:\/\/aimur.com\/blog\/?s={search_term_string}"},"query-input":{"@type":"PropertyValueSpecification","valueRequired":true,"valueName":"search_term_string"}}],"inLanguage":"es"},{"@type":"Organization","@id":"https:\/\/aimur.com\/blog\/#organization","name":"Blog Aimur","url":"https:\/\/aimur.com\/blog\/","logo":{"@type":"ImageObject","inLanguage":"es","@id":"https:\/\/aimur.com\/blog\/#\/schema\/logo\/image\/","url":"https:\/\/aimur.com\/blog\/wp-content\/uploads\/2022\/08\/logo-AIMUR-NEGRO-AMARILLO-e1669126426531.png","contentUrl":"https:\/\/aimur.com\/blog\/wp-content\/uploads\/2022\/08\/logo-AIMUR-NEGRO-AMARILLO-e1669126426531.png","width":350,"height":104,"caption":"Blog Aimur"},"image":{"@id":"https:\/\/aimur.com\/blog\/#\/schema\/logo\/image\/"}}]}},"_links":{"self":[{"href":"https:\/\/aimur.com\/blog\/wp-json\/wp\/v2\/pages\/1473","targetHints":{"allow":["GET"]}}],"collection":[{"href":"https:\/\/aimur.com\/blog\/wp-json\/wp\/v2\/pages"}],"about":[{"href":"https:\/\/aimur.com\/blog\/wp-json\/wp\/v2\/types\/page"}],"author":[{"embeddable":true,"href":"https:\/\/aimur.com\/blog\/wp-json\/wp\/v2\/users\/1"}],"replies":[{"embeddable":true,"href":"https:\/\/aimur.com\/blog\/wp-json\/wp\/v2\/comments?post=1473"}],"version-history":[{"count":0,"href":"https:\/\/aimur.com\/blog\/wp-json\/wp\/v2\/pages\/1473\/revisions"}],"wp:attachment":[{"href":"https:\/\/aimur.com\/blog\/wp-json\/wp\/v2\/media?parent=1473"}],"curies":[{"name":"wp","href":"https:\/\/api.w.org\/{rel}","templated":true}]}}